{"id":598,"date":"2015-10-22T10:42:14","date_gmt":"2015-10-22T09:42:14","guid":{"rendered":"http:\/\/startit.select-themes.com\/?page_id=598"},"modified":"2023-07-16T20:54:19","modified_gmt":"2023-07-16T20:54:19","slug":"contact","status":"publish","type":"page","link":"https:\/\/faironly.com\/en\/contact\/","title":{"rendered":"Contact"},"content":{"rendered":"<p>[vc_row content_width=&#8221;grid&#8221; content_aligment=&#8221;center&#8221; css=&#8221;.vc_custom_1445509827249{padding-top: 57px !important;padding-bottom: 66px !important;}&#8221;][vc_column width=&#8221;1\/2&#8243;][vc_empty_space height=&#8221;20px&#8221;][vc_column_text]For any further information, please, use the contact form below.<\/p>\n<p>Our representative will contact you as soon as possible.[\/vc_column_text][vc_empty_space height=&#8221;20px&#8221;]\n<div class=\"wpcf7 no-js\" id=\"wpcf7-f6063-o1\" lang=\"es-ES\" dir=\"ltr\">\n<div class=\"screen-reader-response\"><p role=\"status\" aria-live=\"polite\" aria-atomic=\"true\"><\/p> <ul><\/ul><\/div>\n<form action=\"\/en\/wp-json\/wp\/v2\/pages\/598#wpcf7-f6063-o1\" method=\"post\" class=\"wpcf7-form init\" aria-label=\"Formulario de contacto\" novalidate=\"novalidate\" data-status=\"init\">\n<div style=\"display: none;\">\n<input type=\"hidden\" name=\"_wpcf7\" value=\"6063\" \/>\n<input type=\"hidden\" name=\"_wpcf7_version\" value=\"5.7.7\" \/>\n<input type=\"hidden\" name=\"_wpcf7_locale\" value=\"es_ES\" \/>\n<input type=\"hidden\" name=\"_wpcf7_unit_tag\" value=\"wpcf7-f6063-o1\" \/>\n<input type=\"hidden\" name=\"_wpcf7_container_post\" value=\"0\" \/>\n<input type=\"hidden\" name=\"_wpcf7_posted_data_hash\" value=\"\" \/>\n<\/div>\n<p><span class=\"wpcf7-form-control-wrap\" data-name=\"name\"><input size=\"40\" class=\"wpcf7-form-control wpcf7-text wpcf7-validates-as-required\" aria-required=\"true\" aria-invalid=\"false\" placeholder=\"Name\" value=\"\" type=\"text\" name=\"name\" \/><\/span>\n<\/p>\n<p><span class=\"wpcf7-form-control-wrap\" data-name=\"email\"><input size=\"40\" class=\"wpcf7-form-control wpcf7-text wpcf7-email wpcf7-validates-as-required wpcf7-validates-as-email\" aria-required=\"true\" aria-invalid=\"false\" placeholder=\"Email\" value=\"\" type=\"email\" name=\"email\" \/><\/span>\n<\/p>\n<p><span class=\"wpcf7-form-control-wrap\" data-name=\"country\"><input size=\"40\" class=\"wpcf7-form-control wpcf7-text wpcf7-validates-as-required\" aria-required=\"true\" aria-invalid=\"false\" placeholder=\"Country\" value=\"\" type=\"text\" name=\"country\" \/><\/span>\n<\/p>\n<p><span class=\"wpcf7-form-control-wrap\" data-name=\"phone\"><input size=\"40\" class=\"wpcf7-form-control wpcf7-text wpcf7-validates-as-required\" aria-required=\"true\" aria-invalid=\"false\" placeholder=\"Phone Number\" value=\"\" type=\"text\" name=\"phone\" \/><\/span>\n<\/p>\n<p><span class=\"wpcf7-form-control-wrap\" data-name=\"subject\"><input size=\"40\" class=\"wpcf7-form-control wpcf7-text\" aria-invalid=\"false\" placeholder=\"How can we help you?\" value=\"\" type=\"text\" name=\"subject\" \/><\/span>\n<\/p>\n<p><label> Your Message<br \/>\n<span class=\"wpcf7-form-control-wrap\" data-name=\"message\"><textarea cols=\"40\" rows=\"10\" class=\"wpcf7-form-control wpcf7-textarea\" aria-invalid=\"false\" name=\"message\"><\/textarea><\/span> <\/label>\n<\/p>\n<p><small>Responsable. Identidad: FAIRONLY SL - NIF: B98626617 - Direcci\u00f3n postal: Calle Santa Genovevatorres 17 3\u00ba 7, 46019, Valencia - Tel\u00e9fono: (+34) 96 365 98 95 Correo electr\u00f3nico: info@faironly.com<br \/>\n\u201cEn nombre de la empresa tratamos la informaci\u00f3n que nos facilita con el fin de prestarles el servicio solicitado, realizar la facturaci\u00f3n del mismo. Los datos proporcionados se conservar\u00e1n mientras se mantenga la relaci\u00f3n comercial o durante los a\u00f1os necesarios para cumplir con las obligaciones legales. Los datos no se ceder\u00e1n a terceros salvo en los casos en que exista una obligaci\u00f3n legal. Usted tiene derecho a obtener confirmaci\u00f3n sobre si en FAIRONLY SL estamos tratando sus datos personales por tanto tiene derecho a acceder a sus datos personales, rectificar los datos inexactos o solicitar su supresi\u00f3n cuando los datos ya no sean necesarios.<br \/>\nAsimismo solicito su autorizaci\u00f3n para ofrecerle productos y servicios relacionados con los solicitados y fidelizarle como cliente.\u201d<\/small>\n<\/p>\n<div style=\"padding-bottom: 45px !important;\">\n<\/div>\n<p><span class=\"wpcf7-form-control-wrap\" data-name=\"checkbox-261\"><span class=\"wpcf7-form-control wpcf7-checkbox wpcf7-validates-as-required wpcf7-exclusive-checkbox\"><span class=\"wpcf7-list-item first last\"><label><input type=\"checkbox\" name=\"checkbox-261\" value=\"S\u00ed, Acepto\" \/><span class=\"wpcf7-list-item-label\">S\u00ed, Acepto<\/span><\/label><\/span><\/span><\/span><span class=\"wpcf7-form-control-wrap\" data-name=\"checkbox-262\"><span class=\"wpcf7-form-control wpcf7-checkbox wpcf7-exclusive-checkbox\"><span class=\"wpcf7-list-item first last\"><label><input type=\"checkbox\" name=\"checkbox-262\" value=\"No\" \/><span class=\"wpcf7-list-item-label\">No<\/span><\/label><\/span><\/span><\/span>\n<\/p>\n<div style=\"padding-bottom: 45px !important;\">\n<\/div>\n<p><input class=\"wpcf7-form-control has-spinner wpcf7-submit\" type=\"submit\" value=\"Send\" \/>\n<\/p><div class=\"wpcf7-response-output\" aria-hidden=\"true\"><\/div>\n<\/form>\n<\/div>\n[\/vc_column][vc_column width=&#8221;1\/2&#8243;][vc_empty_space height=&#8221;20px&#8221;][vc_single_image image=&#8221;5736&#8243; img_size=&#8221;medium&#8221;][vc_row_inner][vc_column_inner][vc_column_text]<\/p>\n<div class=\"qodef-iwt clearfix qodef-iwt-left-from-title qodef-iwt-icon-tiny\">\n<div class=\"qodef-iwt-content-holder\">\n<div class=\"qodef-iwt-icon-title-holder\">\n<div class=\"qodef-iwt-title-holder\">\n<h1><span style=\"font-weight: 900;\">FAIR<\/span><span style=\"font-family: Merriweather; font-weight: 100; font-style: italic;\">only<\/span><\/h1>\n<h3>Santa Genoveva Torres 17 Esc3 Pta7<\/h3>\n<h3>46019 Valencia<\/h3>\n<h3>SPAIN<\/h3>\n<\/div>\n<\/div>\n<\/div>\n<\/div>\n<div class=\"qodef-iwt clearfix qodef-iwt-left-from-title qodef-iwt-icon-tiny\">\n<div class=\"qodef-iwt-content-holder\">\n<div class=\"qodef-iwt-icon-title-holder\">\n<div class=\"qodef-iwt-title-holder\">\n<h3>+34 96 365 98 95<\/h3>\n<h3>+34 678 469 237<\/h3>\n<\/div>\n<\/div>\n<\/div>\n<\/div>\n<p>[\/vc_column_text][\/vc_column_inner][\/vc_row_inner][\/vc_column][\/vc_row][vc_row row_type=&#8221;parallax&#8221; full_screen_section_height=&#8221;no&#8221;][vc_column]<div class=\"qodef-google-map-holder\">\r\n\t<div class=\"qodef-google-map\" id=\"qodef-map-1203254\" data-addresses='[\"Santa Genoveva Torres 17 \",\"Esc3 Pta7 46019 Valencia\"]' data-custom-map-style=false data-color-overlay=#393939 data-saturation=-100 data-lightness=-60 data-zoom=16 data-pin=https:\/\/faironly.com\/wp-content\/themes\/faironly\/assets\/img\/pin.png data-unique-id=1203254 data-scroll-wheel=false data-height=600><\/div>\r\n\t\t\t<div class=\"qodef-google-map-overlay\"><\/div>\r\n\t<\/div>\r\n[\/vc_column][\/vc_row]<\/p>\n","protected":false},"excerpt":{"rendered":"<p>[vc_row content_width=&#8221;grid&#8221; content_aligment=&#8221;center&#8221; css=&#8221;.vc_custom_1445509827249{padding-top: 57px !important;padding-bottom: 66px !important;}&#8221;][vc_column width=&#8221;1\/2&#8243;][vc_empty_space height=&#8221;20px&#8221;][vc_column_text]For any further information, please, use the contact form below. Our representative will contact you as soon as possible.[\/vc_column_text][vc_empty_space height=&#8221;20px&#8221;][\/vc_column][vc_column width=&#8221;1\/2&#8243;][vc_empty_space height=&#8221;20px&#8221;][vc_single_image image=&#8221;5736&#8243; img_size=&#8221;medium&#8221;][vc_row_inner][vc_column_inner][vc_column_text] FAIRonly Santa Genoveva Torres 17 Esc3 Pta7 46019 Valencia SPAIN +34 96&#8230;<\/p>\n","protected":false},"author":1,"featured_media":0,"parent":0,"menu_order":0,"comment_status":"closed","ping_status":"closed","template":"full-width.php","meta":{"_joinchat":[],"footnotes":""},"class_list":["post-598","page","type-page","status-publish","hentry"],"aioseo_notices":[],"_links":{"self":[{"href":"https:\/\/faironly.com\/en\/wp-json\/wp\/v2\/pages\/598","targetHints":{"allow":["GET"]}}],"collection":[{"href":"https:\/\/faironly.com\/en\/wp-json\/wp\/v2\/pages"}],"about":[{"href":"https:\/\/faironly.com\/en\/wp-json\/wp\/v2\/types\/page"}],"author":[{"embeddable":true,"href":"https:\/\/faironly.com\/en\/wp-json\/wp\/v2\/users\/1"}],"replies":[{"embeddable":true,"href":"https:\/\/faironly.com\/en\/wp-json\/wp\/v2\/comments?post=598"}],"version-history":[{"count":27,"href":"https:\/\/faironly.com\/en\/wp-json\/wp\/v2\/pages\/598\/revisions"}],"predecessor-version":[{"id":6192,"href":"https:\/\/faironly.com\/en\/wp-json\/wp\/v2\/pages\/598\/revisions\/6192"}],"wp:attachment":[{"href":"https:\/\/faironly.com\/en\/wp-json\/wp\/v2\/media?parent=598"}],"curies":[{"name":"wp","href":"https:\/\/api.w.org\/{rel}","templated":true}]}}