{"id":1276,"date":"2015-10-27T13:16:56","date_gmt":"2015-10-27T13:16:56","guid":{"rendered":"http:\/\/startit.select-themes.com\/?page_id=1276"},"modified":"2018-01-31T09:25:12","modified_gmt":"2018-01-31T09:25:12","slug":"testimonials","status":"publish","type":"page","link":"https:\/\/faironly.com\/en\/testimonials\/","title":{"rendered":"Testimonials"},"content":{"rendered":"<p>[vc_row][vc_column][vc_empty_space height=&#8221;80px&#8221;][vc_single_image image=&#8221;6043&#8243; img_size=&#8221;full&#8221;][vc_empty_space height=&#8221;80px&#8221;][\/vc_column][\/vc_row][vc_row row_type=&#8221;parallax&#8221; full_screen_section_height=&#8221;no&#8221; parallax_background_image=&#8221;5773&#8243; css=&#8221;.vc_custom_1505666418225{padding-top: 65px !important;padding-bottom: 75px !important;}&#8221;][vc_column][vc_column_text]<\/p>\n<h2 style=\"text-align: center;\"><span style=\"color: #ffffff;\">A Professional Team Like No Other<\/span><\/h2>\n<p>[\/vc_column_text][vc_empty_space height=&#8221;16px&#8221;][vc_column_text css=&#8221;.vc_custom_1505646242961{padding-right: 20% !important;padding-left: 20% !important;}&#8221;]<\/p>\n<p style=\"text-align: center;\"><span style=\"color: #dbdbdb;\">What customers say about us<\/span><\/p>\n<p>[\/vc_column_text][vc_empty_space height=&#8221;70px&#8221;]<div class=\"qodef-testimonials-holder qodef-grid-section clearfix\"><div class=\"qodef-testimonials qodef-section-inner transparent cards_carousel\"  data-layout =\"cards_carousel\"><div class=\"qodef-testimonials-slider-item\"><div id=\"qodef-testimonials71\" class=\"qodef-testimonial-content\">\r\n\t<div class=\"qodef-testimonial-content-inner\">\r\n\t\t<div class=\"qodef-testimonial-text-holder\">\r\n\t\t\t<div class=\"qodef-testimonial-text-inner\">\r\n\t\t\t\t\t\t\t\t\t<p class=\"qodef-testimonial-title\">\r\n\t\t\t\t\t\t&quot;Wij maken al geruime tijd gebruik van de diensten van Nadia Rizzuti&quot;\t\t\t\t\t<\/p>\r\n\t\t\t\t\t\t\t\t<p class=\"qodef-testimonial-text\">voor de belangrijke beursen in Itali\u00eb \u2013 MICAM & EXPO RIVA SCHUH - en Duitsland \u2013 GDS. Zowel door het leveren van personeel als voor het organiseren en faciliteren van de catering heeft ze absoluut bijgedragen aan het welslagen van onze beurzen. Vooral de slagvaardigheid en servicegerichtheid is voor ons zeker van grote toegevoegde waarde.<\/p>\r\n\t\t\t<\/div>\r\n\t\t<\/div>\r\n\t\t<div class=\"qodef-testimonial-info-holder\">\r\n\t\t\t\t\t\t\t<div class=\"qodef-testimonial-image-holder\">\r\n\t\t\t\t\t<img loading=\"lazy\" decoding=\"async\" width=\"300\" height=\"300\" src=\"https:\/\/faironly.com\/wp-content\/uploads\/2015\/10\/share.jpg\" class=\"attachment-71 size-71 wp-post-image\" alt=\"\" srcset=\"https:\/\/faironly.com\/wp-content\/uploads\/2015\/10\/share.jpg 300w, https:\/\/faironly.com\/wp-content\/uploads\/2015\/10\/share-150x150.jpg 150w\" sizes=\"auto, (max-width: 300px) 100vw, 300px\" \/>\t\t\t\t<\/div>\r\n\t\t\t\t\t\t\t\t\t\t<div class = \"qodef-testimonial-author\">\r\n\t\t\t\t\t<p class=\"qodef-testimonial-author-text\">\r\n\t\t\t\t\t\t<span>\r\n\t\t\t\t\t\t\tHenk Harmeling\t\t\t\t\t\t<\/span>\r\n\t\t\t\t\t\t\t\t\t\t\t\t\t<span class=\"qodef-testimonials-job\">SPM Shoetrade B.V.<\/span>\r\n\t\t\t\t\t\t\t\t\t\t\t<\/p>\r\n\t\t\t\t<\/div>\r\n\t\t\t\t\t<\/div>\r\n\t<\/div>\r\n<\/div>\r\n<div id=\"qodef-testimonials79\" class=\"qodef-testimonial-content\">\r\n\t<div class=\"qodef-testimonial-content-inner\">\r\n\t\t<div class=\"qodef-testimonial-text-holder\">\r\n\t\t\t<div class=\"qodef-testimonial-text-inner\">\r\n\t\t\t\t\t\t\t\t\t<p class=\"qodef-testimonial-title\">\r\n\t\t\t\t\t\t&quot;The whole process from start to finish when using FairOnly was extremely easy, efficient and stress-free&quot;\t\t\t\t\t<\/p>\r\n\t\t\t\t\t\t\t\t<p class=\"qodef-testimonial-text\">Nadia was not only quick in returning queries, but went above and beyond to be helpful and professional. We were extremely pleased with the service we received and wouldn\u2019t hesitate in recommending FairOnly to other companies.<\/p>\r\n\t\t\t<\/div>\r\n\t\t<\/div>\r\n\t\t<div class=\"qodef-testimonial-info-holder\">\r\n\t\t\t\t\t\t\t<div class=\"qodef-testimonial-image-holder\">\r\n\t\t\t\t\t<img loading=\"lazy\" decoding=\"async\" width=\"297\" height=\"297\" src=\"https:\/\/faironly.com\/wp-content\/uploads\/2015\/10\/autopot.jpg\" class=\"attachment-79 size-79 wp-post-image\" alt=\"\" srcset=\"https:\/\/faironly.com\/wp-content\/uploads\/2015\/10\/autopot.jpg 297w, https:\/\/faironly.com\/wp-content\/uploads\/2015\/10\/autopot-150x150.jpg 150w\" sizes=\"auto, (max-width: 297px) 100vw, 297px\" \/>\t\t\t\t<\/div>\r\n\t\t\t\t\t\t\t\t\t\t<div class = \"qodef-testimonial-author\">\r\n\t\t\t\t\t<p class=\"qodef-testimonial-author-text\">\r\n\t\t\t\t\t\t<span>\r\n\t\t\t\t\t\t\tHeather Pearl\t\t\t\t\t\t<\/span>\r\n\t\t\t\t\t\t\t\t\t\t\t\t\t<span class=\"qodef-testimonials-job\">Project Manager AutoPot Global Ltd.<\/span>\r\n\t\t\t\t\t\t\t\t\t\t\t<\/p>\r\n\t\t\t\t<\/div>\r\n\t\t\t\t\t<\/div>\r\n\t<\/div>\r\n<\/div>\r\n<div id=\"qodef-testimonials81\" class=\"qodef-testimonial-content\">\r\n\t<div class=\"qodef-testimonial-content-inner\">\r\n\t\t<div class=\"qodef-testimonial-text-holder\">\r\n\t\t\t<div class=\"qodef-testimonial-text-inner\">\r\n\t\t\t\t\t\t\t\t\t<p class=\"qodef-testimonial-title\">\r\n\t\t\t\t\t\t\u2018\u2019Nadia \u00e8 uno dei migliori partner con i quali mi sia capitato di lavorare\u2019\u2019\t\t\t\t\t<\/p>\r\n\t\t\t\t\t\t\t\t<p class=\"qodef-testimonial-text\">La sua carismatica personalit\u00e0, la competenza professionale e la sua simpatia, ne fanno una persona adatta per un lavoro organizzativo a 360\u00b0. Un\u2019ottima competenza professionale ed una grande abilit\u00e0 a stringere rapporti professionali ma sul piano umano ne fanno una persona di assoluta fiducia.<\/p>\r\n\t\t\t<\/div>\r\n\t\t<\/div>\r\n\t\t<div class=\"qodef-testimonial-info-holder\">\r\n\t\t\t\t\t\t\t<div class=\"qodef-testimonial-image-holder\">\r\n\t\t\t\t\t<img loading=\"lazy\" decoding=\"async\" width=\"439\" height=\"439\" src=\"https:\/\/faironly.com\/wp-content\/uploads\/2015\/10\/dmt.jpg\" class=\"attachment-81 size-81 wp-post-image\" alt=\"\" srcset=\"https:\/\/faironly.com\/wp-content\/uploads\/2015\/10\/dmt.jpg 439w, https:\/\/faironly.com\/wp-content\/uploads\/2015\/10\/dmt-150x150.jpg 150w, https:\/\/faironly.com\/wp-content\/uploads\/2015\/10\/dmt-300x300.jpg 300w\" sizes=\"auto, (max-width: 439px) 100vw, 439px\" \/>\t\t\t\t<\/div>\r\n\t\t\t\t\t\t\t\t\t\t<div class = \"qodef-testimonial-author\">\r\n\t\t\t\t\t<p class=\"qodef-testimonial-author-text\">\r\n\t\t\t\t\t\t<span>\r\n\t\t\t\t\t\t\tDiego Merati\t\t\t\t\t\t<\/span>\r\n\t\t\t\t\t\t\t\t\t\t\t\t\t<span class=\"qodef-testimonials-job\">Commercial Manager DMT Dental Medical Technologies<\/span>\r\n\t\t\t\t\t\t\t\t\t\t\t<\/p>\r\n\t\t\t\t<\/div>\r\n\t\t\t\t\t<\/div>\r\n\t<\/div>\r\n<\/div>\r\n<\/div><div class=\"qodef-testimonials-slider-item\"><div id=\"qodef-testimonials88\" class=\"qodef-testimonial-content\">\r\n\t<div class=\"qodef-testimonial-content-inner\">\r\n\t\t<div class=\"qodef-testimonial-text-holder\">\r\n\t\t\t<div class=\"qodef-testimonial-text-inner\">\r\n\t\t\t\t\t\t\t\t\t<p class=\"qodef-testimonial-title\">\r\n\t\t\t\t\t\t&quot;DataTech S.D.A. trusted on FairOnly for her support in introducing her new brand SoClutions\u2122 in Embedded World 2012, in Nuremberg&quot;\t\t\t\t\t<\/p>\r\n\t\t\t\t\t\t\t\t<p class=\"qodef-testimonial-text\">In words of Mr. S\u00fanico, CEO at DataTech, \u201cFAIROnly guidance and services to help us in the commercial introduction of our brand was valuable and marked the difference. From our marketing dept. thanks to FAIROnly expertise we improved our expected results 27%, so I highly recommend their valuable services.<\/p>\r\n\t\t\t<\/div>\r\n\t\t<\/div>\r\n\t\t<div class=\"qodef-testimonial-info-holder\">\r\n\t\t\t\t\t\t\t<div class=\"qodef-testimonial-image-holder\">\r\n\t\t\t\t\t<img loading=\"lazy\" decoding=\"async\" width=\"120\" height=\"120\" src=\"https:\/\/faironly.com\/wp-content\/uploads\/2015\/10\/datatech.jpg\" class=\"attachment-88 size-88 wp-post-image\" alt=\"\" \/>\t\t\t\t<\/div>\r\n\t\t\t\t\t\t\t\t\t\t<div class = \"qodef-testimonial-author\">\r\n\t\t\t\t\t<p class=\"qodef-testimonial-author-text\">\r\n\t\t\t\t\t\t<span>\r\n\t\t\t\t\t\t\tJos\u00e9 Mar\u00eda S\u00fanico Gonz\u00e1lez\t\t\t\t\t\t<\/span>\r\n\t\t\t\t\t\t\t\t\t\t\t<\/p>\r\n\t\t\t\t<\/div>\r\n\t\t\t\t\t<\/div>\r\n\t<\/div>\r\n<\/div>\r\n<div id=\"qodef-testimonials89\" class=\"qodef-testimonial-content\">\r\n\t<div class=\"qodef-testimonial-content-inner\">\r\n\t\t<div class=\"qodef-testimonial-text-holder\">\r\n\t\t\t<div class=\"qodef-testimonial-text-inner\">\r\n\t\t\t\t\t\t\t\t\t<p class=\"qodef-testimonial-title\">\r\n\t\t\t\t\t\t&quot;Extensive support at any given time&quot;\t\t\t\t\t<\/p>\r\n\t\t\t\t\t\t\t\t<p class=\"qodef-testimonial-text\">FairOnly offers extensive support at any given time. Great jobs, great clients, great contact. Christin Krumrich Hostess<\/p>\r\n\t\t\t<\/div>\r\n\t\t<\/div>\r\n\t\t<div class=\"qodef-testimonial-info-holder\">\r\n\t\t\t\t\t\t\t<div class=\"qodef-testimonial-image-holder\">\r\n\t\t\t\t\t<img loading=\"lazy\" decoding=\"async\" width=\"130\" height=\"130\" src=\"https:\/\/faironly.com\/wp-content\/uploads\/2015\/10\/c3927f_e00fbaaff1744d03b96556b8f05e9fc4-mv2.jpg\" class=\"attachment-89 size-89 wp-post-image\" alt=\"\" \/>\t\t\t\t<\/div>\r\n\t\t\t\t\t\t\t\t\t\t<div class = \"qodef-testimonial-author\">\r\n\t\t\t\t\t<p class=\"qodef-testimonial-author-text\">\r\n\t\t\t\t\t\t<span>\r\n\t\t\t\t\t\t\tChristin Krumrich Hostess\t\t\t\t\t\t<\/span>\r\n\t\t\t\t\t\t\t\t\t\t\t<\/p>\r\n\t\t\t\t<\/div>\r\n\t\t\t\t\t<\/div>\r\n\t<\/div>\r\n<\/div>\r\n<div id=\"qodef-testimonials90\" class=\"qodef-testimonial-content\">\r\n\t<div class=\"qodef-testimonial-content-inner\">\r\n\t\t<div class=\"qodef-testimonial-text-holder\">\r\n\t\t\t<div class=\"qodef-testimonial-text-inner\">\r\n\t\t\t\t\t\t\t\t\t<p class=\"qodef-testimonial-title\">\r\n\t\t\t\t\t\t&quot;Nuestra empresa, Moidecar S.L., lleva colaborando con Srta Nadia Rizzuti durante los \u00faltimos a\u00f1os &quot;\t\t\t\t\t<\/p>\r\n\t\t\t\t\t\t\t\t<p class=\"qodef-testimonial-text\">Nuestra empresa, Moidecar S.L., lleva colaborando con Srta Nadia Rizzuti durante los \u00faltimos a\u00f1os 2010 y 2011 y no podemos m\u00e1s que atestiguar su alto grado de profesionalidad en todos los negocios comunes emprendidos as\u00ed como su alto compromiso laboral am\u00e9n de una gran puntualidad, don de gentes y seriedad en todos los proyectos realizados<\/p>\r\n\t\t\t<\/div>\r\n\t\t<\/div>\r\n\t\t<div class=\"qodef-testimonial-info-holder\">\r\n\t\t\t\t\t\t\t<div class=\"qodef-testimonial-image-holder\">\r\n\t\t\t\t\t<img loading=\"lazy\" decoding=\"async\" width=\"315\" height=\"315\" src=\"https:\/\/faironly.com\/wp-content\/uploads\/2015\/10\/moidecar.jpg\" class=\"attachment-90 size-90 wp-post-image\" alt=\"\" srcset=\"https:\/\/faironly.com\/wp-content\/uploads\/2015\/10\/moidecar.jpg 315w, https:\/\/faironly.com\/wp-content\/uploads\/2015\/10\/moidecar-150x150.jpg 150w, https:\/\/faironly.com\/wp-content\/uploads\/2015\/10\/moidecar-300x300.jpg 300w\" sizes=\"auto, (max-width: 315px) 100vw, 315px\" \/>\t\t\t\t<\/div>\r\n\t\t\t\t\t\t\t\t\t\t<div class = \"qodef-testimonial-author\">\r\n\t\t\t\t\t<p class=\"qodef-testimonial-author-text\">\r\n\t\t\t\t\t\t<span>\r\n\t\t\t\t\t\t\tRa\u00fal Monraval\t\t\t\t\t\t<\/span>\r\n\t\t\t\t\t\t\t\t\t\t\t\t\t<span class=\"qodef-testimonials-job\">Director comercial MOIDECAR S.L.<\/span>\r\n\t\t\t\t\t\t\t\t\t\t\t<\/p>\r\n\t\t\t\t<\/div>\r\n\t\t\t\t\t<\/div>\r\n\t<\/div>\r\n<\/div>\r\n<\/div><\/div><div class=\"owl-buttons\"><div class=\"owl-prev\"><span class=\"qodef-prev-icon\"><i class=\"fa fa-chevron-left\"><\/i><\/span><\/div><div class=\"owl-next\"><span class=\"qodef-next-icon\"><i class=\"fa fa-chevron-right\"><\/i><\/span><\/div><\/div><\/div>[\/vc_column][\/vc_row][vc_row css=&#8221;.vc_custom_1505752545618{background-color: #000000 !important;background-position: center !important;background-repeat: no-repeat !important;background-size: cover !important;}&#8221;][vc_column]\r\n\r\n\t<div class=\"qodef-call-to-action normal\">\r\n\r\n\t\t\t\t<div class=\"qodef-container-inner\">\r\n\t\t\t\t\t<div class=\"qodef-call-to-action-row-75-25 clearfix\" style=\"padding: 54px 0px;\">\r\n\t\t\r\n\t\t\t\t<div class=\"qodef-text-wrapper qodef-call-to-action-column1 qodef-call-to-action-cell\">\r\n\r\n\t\t\t\t\r\n\t\t\t\t\t<div class=\"qodef-call-to-action-text\" >\r\n\t\t\t\t\t\t\n<h2 style=\"color: white;\"><span style=\"font-weight: 900;\">FAIR<\/span><span style=\"font-family: Merriweather; font-weight: 100; font-style: italic;\">only<\/span><span style=\"font-size: 0.6em;\"> Your Business Partner Europe-Wide<\/span><\/h2>\n\t\t\t\t\t<\/div>\r\n\r\n\t\t\t\t<\/div>\r\n\r\n\t\t\t\t\r\n\t\t\t\t\t<div class=\"qodef-button-wrapper qodef-call-to-action-column2 qodef-call-to-action-cell\" style =\"text-align: right ;\">\r\n\r\n\t\t\t\t\t\t<a href=\"\/contact\" target=\"_self\" style=\"color: #ffffff;border-color: rgba(255,255,255,0.5)\" class=\"qodef-btn qodef-btn-medium qodef-btn-outline qodef-btn-custom-border-hover qodef-btn-custom-hover-color qodef-btn-icon\" data-hover-color=\"#ffffff\" data-hover-border-color=\"rgba(255,255,255,0.5)\" >        <span class=\"qodef-btn-text\">Contact now<\/span>    <span class=\"qodef-btn-text-icon\"><i class=\"qodef-icon-simple-line-icon icon-envelope \" ><\/i><\/span><\/a>\r\n\t\t\t\t\t<\/div>\r\n\r\n\t\t\t\t\r\n\t\t\t<\/div>\r\n\r\n\t\t\t\t<\/div>\r\n\t\t\r\n\t<\/div>\r\n\r\n[\/vc_column][\/vc_row]<\/p>\n","protected":false},"excerpt":{"rendered":"<p>[vc_row][vc_column][vc_empty_space height=&#8221;80px&#8221;][vc_single_image image=&#8221;6043&#8243; img_size=&#8221;full&#8221;][vc_empty_space height=&#8221;80px&#8221;][\/vc_column][\/vc_row][vc_row row_type=&#8221;parallax&#8221; full_screen_section_height=&#8221;no&#8221; parallax_background_image=&#8221;5773&#8243; css=&#8221;.vc_custom_1505666418225{padding-top: 65px !important;padding-bottom: 75px !important;}&#8221;][vc_column][vc_column_text] A Professional Team Like No Other [\/vc_column_text][vc_empty_space height=&#8221;16px&#8221;][vc_column_text css=&#8221;.vc_custom_1505646242961{padding-right: 20% !important;padding-left: 20% !important;}&#8221;] What customers say about us [\/vc_column_text][vc_empty_space height=&#8221;70px&#8221;][\/vc_column][\/vc_row][vc_row css=&#8221;.vc_custom_1505752545618{background-color: #000000 !important;background-position: center !important;background-repeat: no-repeat !important;background-size: cover !important;}&#8221;][vc_column][\/vc_column][\/vc_row]<\/p>\n","protected":false},"author":1,"featured_media":0,"parent":0,"menu_order":0,"comment_status":"closed","ping_status":"closed","template":"full-width.php","meta":{"_joinchat":[],"footnotes":""},"class_list":["post-1276","page","type-page","status-publish","hentry"],"aioseo_notices":[],"_links":{"self":[{"href":"https:\/\/faironly.com\/en\/wp-json\/wp\/v2\/pages\/1276","targetHints":{"allow":["GET"]}}],"collection":[{"href":"https:\/\/faironly.com\/en\/wp-json\/wp\/v2\/pages"}],"about":[{"href":"https:\/\/faironly.com\/en\/wp-json\/wp\/v2\/types\/page"}],"author":[{"embeddable":true,"href":"https:\/\/faironly.com\/en\/wp-json\/wp\/v2\/users\/1"}],"replies":[{"embeddable":true,"href":"https:\/\/faironly.com\/en\/wp-json\/wp\/v2\/comments?post=1276"}],"version-history":[{"count":15,"href":"https:\/\/faironly.com\/en\/wp-json\/wp\/v2\/pages\/1276\/revisions"}],"predecessor-version":[{"id":6058,"href":"https:\/\/faironly.com\/en\/wp-json\/wp\/v2\/pages\/1276\/revisions\/6058"}],"wp:attachment":[{"href":"https:\/\/faironly.com\/en\/wp-json\/wp\/v2\/media?parent=1276"}],"curies":[{"name":"wp","href":"https:\/\/api.w.org\/{rel}","templated":true}]}}